{"id":22,"date":"2025-08-07T17:33:05","date_gmt":"2025-08-07T15:33:05","guid":{"rendered":"https:\/\/domoticum.com\/?page_id=22"},"modified":"2025-08-09T17:15:44","modified_gmt":"2025-08-09T15:15:44","slug":"contacte","status":"publish","type":"page","link":"https:\/\/domoticum.com\/es\/contacte\/","title":{"rendered":"Contacto"},"content":{"rendered":"<div data-elementor-type=\"wp-page\" data-elementor-id=\"22\" class=\"elementor elementor-22\" data-elementor-post-type=\"page\">\n\t\t\t\t<div class=\"elementor-element elementor-element-1aff9ce e-flex e-con-boxed e-con e-parent\" data-id=\"1aff9ce\" data-element_type=\"container\" data-settings=\"{&quot;background_background&quot;:&quot;classic&quot;}\">\n\t\t\t\t\t<div class=\"e-con-inner\">\n\t\t\t\t<div class=\"elementor-element elementor-element-ad2941d elementor-widget elementor-widget-text-editor\" data-id=\"ad2941d\" data-element_type=\"widget\" data-widget_type=\"text-editor.default\">\n\t\t\t\t\t\t\t\t\thablemos \t\t\t\t\t\t\t\t<\/div>\n\t\t\t\t<div class=\"elementor-element elementor-element-ce5bcb9 elementor-widget elementor-widget-heading\" data-id=\"ce5bcb9\" data-element_type=\"widget\" data-widget_type=\"heading.default\">\n\t\t\t\t\t<h2 class=\"elementor-heading-title elementor-size-default\">contacto <\/h2>\t\t\t\t<\/div>\n\t\t\t\t\t<\/div>\n\t\t\t\t<\/div>\n\t\t\t\t<section class=\"elementor-section elementor-top-section elementor-element elementor-element-1f8fe944 elementor-section-full_width elementor-section-height-default elementor-section-height-default\" data-id=\"1f8fe944\" data-element_type=\"section\" data-settings=\"{&quot;mdp_selection_sticky_effect_enable&quot;:false}\">\n\t\t\t\t\t\t<div class=\"elementor-container elementor-column-gap-no\">\n\t\t\t\t\t<div class=\"elementor-column elementor-col-100 elementor-top-column elementor-element elementor-element-292c4055\" data-id=\"292c4055\" data-element_type=\"column\" data-settings=\"{&quot;mdp_selection_sticky_column_effect_enable&quot;:false}\">\n\t\t\t<div class=\"elementor-widget-wrap elementor-element-populated\">\n\t\t\t\t\t\t<div class=\"elementor-element elementor-element-5b512819 elementor-widget elementor-widget-google_maps\" data-id=\"5b512819\" data-element_type=\"widget\" data-widget_type=\"google_maps.default\">\n\t\t\t\t\t\t\t<div class=\"elementor-custom-embed\">\n\t\t\t<iframe loading=\"lazy\"\n\t\t\t\t\tsrc=\"https:\/\/maps.google.com\/maps?q=Carrer%20%C4%8FAntoni%20Torrella%2C%2054%2C%2008224%20Terrassa%2C%20Barcelona&#038;t=m&#038;z=15&#038;output=embed&#038;iwloc=near\"\n\t\t\t\t\ttitle=\"Carrer \u010fAntoni Torrella, 54, 08224 Terrassa, Barcelona\"\n\t\t\t\t\taria-label=\"Carrer \u010fAntoni Torrella, 54, 08224 Terrassa, Barcelona\"\n\t\t\t><\/iframe>\n\t\t<\/div>\n\t\t\t\t\t\t<\/div>\n\t\t\t\t\t<\/div>\n\t\t<\/div>\n\t\t\t\t\t<\/div>\n\t\t<\/section>\n\t\t\t\t<section class=\"elementor-section elementor-top-section elementor-element elementor-element-26fd7478 elementor-section-content-middle elementor-section-boxed elementor-section-height-default elementor-section-height-default\" data-id=\"26fd7478\" data-element_type=\"section\" data-settings=\"{&quot;mdp_selection_sticky_effect_enable&quot;:false}\">\n\t\t\t\t\t\t<div class=\"elementor-container elementor-column-gap-no\">\n\t\t\t\t\t<div class=\"elementor-column elementor-col-33 elementor-top-column elementor-element elementor-element-3dd58a71 elementor-invisible\" data-id=\"3dd58a71\" data-element_type=\"column\" data-settings=\"{&quot;background_background&quot;:&quot;classic&quot;,&quot;animation&quot;:&quot;fadeInLeft&quot;,&quot;mdp_selection_sticky_column_effect_enable&quot;:false}\">\n\t\t\t<div class=\"elementor-widget-wrap elementor-element-populated\">\n\t\t\t\t\t\t<div class=\"elementor-element elementor-element-34ab4b52 elementor-position-top elementor-widget elementor-widget-image-box\" data-id=\"34ab4b52\" data-element_type=\"widget\" data-widget_type=\"image-box.default\">\n\t\t\t\t\t<div class=\"elementor-image-box-wrapper\"><figure class=\"elementor-image-box-img\"><img decoding=\"async\" width=\"100\" height=\"100\" src=\"https:\/\/domoticum.com\/wp-content\/uploads\/2025\/08\/location.png\" class=\"elementor-animation-shrink attachment-full size-full wp-image-77\" alt=\"\" srcset=\"https:\/\/domoticum.com\/wp-content\/uploads\/2025\/08\/location.png 100w, https:\/\/domoticum.com\/wp-content\/uploads\/2025\/08\/location-12x12.png 12w\" sizes=\"(max-width: 100px) 100vw, 100px\" \/><\/figure><div class=\"elementor-image-box-content\"><p class=\"elementor-image-box-description\">C\/ \u010fAntoni Torrella, 54<br> 08224 Terrassa<\/p><\/div><\/div>\t\t\t\t<\/div>\n\t\t\t\t\t<\/div>\n\t\t<\/div>\n\t\t\t\t<div class=\"elementor-column elementor-col-33 elementor-top-column elementor-element elementor-element-10f7d97d elementor-invisible\" data-id=\"10f7d97d\" data-element_type=\"column\" data-settings=\"{&quot;background_background&quot;:&quot;classic&quot;,&quot;animation&quot;:&quot;fadeInUp&quot;,&quot;mdp_selection_sticky_column_effect_enable&quot;:false}\">\n\t\t\t<div class=\"elementor-widget-wrap elementor-element-populated\">\n\t\t\t\t\t\t<div class=\"elementor-element elementor-element-e84c0a7 elementor-position-top elementor-widget elementor-widget-image-box\" data-id=\"e84c0a7\" data-element_type=\"widget\" data-widget_type=\"image-box.default\">\n\t\t\t\t\t<div class=\"elementor-image-box-wrapper\"><figure class=\"elementor-image-box-img\"><img decoding=\"async\" width=\"100\" height=\"100\" src=\"https:\/\/domoticum.com\/wp-content\/uploads\/2025\/08\/phone.png\" class=\"elementor-animation-shrink attachment-full size-full wp-image-78\" alt=\"\" srcset=\"https:\/\/domoticum.com\/wp-content\/uploads\/2025\/08\/phone.png 100w, https:\/\/domoticum.com\/wp-content\/uploads\/2025\/08\/phone-12x12.png 12w\" sizes=\"(max-width: 100px) 100vw, 100px\" \/><\/figure><div class=\"elementor-image-box-content\"><p class=\"elementor-image-box-description\">931 588 199<br> 658 160 011<\/p><\/div><\/div>\t\t\t\t<\/div>\n\t\t\t\t\t<\/div>\n\t\t<\/div>\n\t\t\t\t<div class=\"elementor-column elementor-col-33 elementor-top-column elementor-element elementor-element-7860df70 elementor-invisible\" data-id=\"7860df70\" data-element_type=\"column\" data-settings=\"{&quot;background_background&quot;:&quot;classic&quot;,&quot;animation&quot;:&quot;fadeInRight&quot;,&quot;mdp_selection_sticky_column_effect_enable&quot;:false}\">\n\t\t\t<div class=\"elementor-widget-wrap elementor-element-populated\">\n\t\t\t\t\t\t<div class=\"elementor-element elementor-element-3f3a7ff3 elementor-position-top elementor-widget elementor-widget-image-box\" data-id=\"3f3a7ff3\" data-element_type=\"widget\" data-widget_type=\"image-box.default\">\n\t\t\t\t\t<div class=\"elementor-image-box-wrapper\"><figure class=\"elementor-image-box-img\"><img decoding=\"async\" width=\"100\" height=\"100\" src=\"https:\/\/domoticum.com\/wp-content\/uploads\/2025\/08\/Email.png\" class=\"elementor-animation-shrink attachment-full size-full wp-image-79\" alt=\"\" srcset=\"https:\/\/domoticum.com\/wp-content\/uploads\/2025\/08\/Email.png 100w, https:\/\/domoticum.com\/wp-content\/uploads\/2025\/08\/Email-12x12.png 12w\" sizes=\"(max-width: 100px) 100vw, 100px\" \/><\/figure><div class=\"elementor-image-box-content\"><p class=\"elementor-image-box-description\">info@domoticum.com\n<\/p><\/div><\/div>\t\t\t\t<\/div>\n\t\t\t\t\t<\/div>\n\t\t<\/div>\n\t\t\t\t\t<\/div>\n\t\t<\/section>\n\t\t\t\t<section class=\"elementor-section elementor-top-section elementor-element elementor-element-a11ba5c elementor-section-boxed elementor-section-height-default elementor-section-height-default\" data-id=\"a11ba5c\" data-element_type=\"section\" data-settings=\"{&quot;mdp_selection_sticky_effect_enable&quot;:false}\">\n\t\t\t\t\t\t<div class=\"elementor-container elementor-column-gap-no\">\n\t\t\t\t\t<div class=\"elementor-column elementor-col-100 elementor-top-column elementor-element elementor-element-8270564\" data-id=\"8270564\" data-element_type=\"column\" data-settings=\"{&quot;mdp_selection_sticky_column_effect_enable&quot;:false}\">\n\t\t\t<div class=\"elementor-widget-wrap elementor-element-populated\">\n\t\t\t\t\t\t<div class=\"elementor-element elementor-element-b67ef47 elementor-widget elementor-widget-heading\" data-id=\"b67ef47\" data-element_type=\"widget\" data-widget_type=\"heading.default\">\n\t\t\t\t\t<div class=\"elementor-heading-title elementor-size-default\">expl\u00edcanos<\/div>\t\t\t\t<\/div>\n\t\t\t\t<div class=\"elementor-element elementor-element-5bc63bb2 elementor-widget elementor-widget-heading\" data-id=\"5bc63bb2\" data-element_type=\"widget\" data-widget_type=\"heading.default\">\n\t\t\t\t\t<h2 class=\"elementor-heading-title elementor-size-default\">\u00bfC\u00f3mo te podemos ayudar?<\/h2>\t\t\t\t<\/div>\n\t\t\t\t<div class=\"elementor-element elementor-element-5a3937d0 elementor-widget elementor-widget-text-editor\" data-id=\"5a3937d0\" data-element_type=\"widget\" data-widget_type=\"text-editor.default\">\n\t\t\t\t\t\t\t\t\t<p>En Domoticum estamos aqu\u00ed para ayudarte a hacer tu hogar o negocio m\u00e1s seguro, c\u00f3modo y conectado.<br data-start=\"191\" data-end=\"194\" \/>Si tens qualsevol dubte, vols demanar un pressupost o necessites assessorament, omple el formulari i el nostre equip et respondr\u00e0 al m\u00e9s aviat possible.<\/p>\t\t\t\t\t\t\t\t<\/div>\n\t\t\t\t<div class=\"elementor-element elementor-element-794ecc23 elementor-button-align-stretch elementor-widget elementor-widget-form\" data-id=\"794ecc23\" data-element_type=\"widget\" data-settings=\"{&quot;step_next_label&quot;:&quot;Next&quot;,&quot;step_previous_label&quot;:&quot;Previous&quot;,&quot;button_width&quot;:&quot;50&quot;,&quot;button_width_tablet&quot;:&quot;100&quot;,&quot;step_type&quot;:&quot;number_text&quot;,&quot;step_icon_shape&quot;:&quot;circle&quot;}\" data-widget_type=\"form.default\">\n\t\t\t\t\t\t\t<form class=\"elementor-form\" method=\"post\" name=\"New Form\" aria-label=\"New Form\" action=\"\">\n\t\t\t<input type=\"hidden\" name=\"post_id\" value=\"22\"\/>\n\t\t\t<input type=\"hidden\" name=\"form_id\" value=\"794ecc23\"\/>\n\t\t\t<input type=\"hidden\" name=\"referer_title\" value=\"Contacte - Domoticum\" \/>\n\n\t\t\t\t\t\t\t<input type=\"hidden\" name=\"queried_id\" value=\"22\"\/>\n\t\t\t\n\t\t\t<div class=\"elementor-form-fields-wrapper elementor-labels-above\">\n\t\t\t\t\t\t\t\t<div class=\"elementor-field-type-text elementor-field-group elementor-column elementor-field-group-name elementor-col-50 elementor-field-required elementor-mark-required\">\n\t\t\t\t\t\t\t\t\t\t\t\t\t<input size=\"1\" type=\"text\" name=\"form_fields[name]\" id=\"form-field-name\" class=\"elementor-field elementor-size-sm  elementor-field-textual\" placeholder=\"Nombre\" required=\"required\">\n\t\t\t\t\t\t\t\t\t\t\t<\/div>\n\t\t\t\t\t\t\t\t<div class=\"elementor-field-type-email elementor-field-group elementor-column elementor-field-group-email elementor-col-50 elementor-field-required elementor-mark-required\">\n\t\t\t\t\t\t\t\t\t\t\t\t\t<input size=\"1\" type=\"email\" name=\"form_fields[email]\" id=\"form-field-email\" class=\"elementor-field elementor-size-sm  elementor-field-textual\" placeholder=\"Email\" required=\"required\">\n\t\t\t\t\t\t\t\t\t\t\t<\/div>\n\t\t\t\t\t\t\t\t<div class=\"elementor-field-type-textarea elementor-field-group elementor-column elementor-field-group-message elementor-col-100 elementor-md-100 elementor-field-required elementor-mark-required\">\n\t\t\t\t\t<textarea class=\"elementor-field-textual elementor-field  elementor-size-sm\" name=\"form_fields[message]\" id=\"form-field-message\" rows=\"6\" placeholder=\"Mensaje\" required=\"required\"><\/textarea>\t\t\t\t<\/div>\n\t\t\t\t\t\t\t\t<div class=\"elementor-field-type-acceptance elementor-field-group elementor-column elementor-field-group-field_442e222 elementor-col-100 elementor-field-required elementor-mark-required\">\n\t\t\t\t\t\t\t<div class=\"elementor-field-subgroup\">\n\t\t\t<span class=\"elementor-field-option\">\n\t\t\t\t<input type=\"checkbox\" name=\"form_fields[field_442e222]\" id=\"form-field-field_442e222\" class=\"elementor-field elementor-size-sm  elementor-acceptance-field\" required=\"required\">\n\t\t\t\t<label for=\"form-field-field_442e222\">ACEPTO LA POL\u00cdTICA DE PRIVACIDAD<br>\nA los efectos previstos en el Reglamento General de Protecci\u00f3n de Datos (RGPD), se le informa que los datos personales que nos facilita a trav\u00e9s de este formulario se incorporar\u00e1n a un fichero de DOMOTICUM SL. Puede ver informaci\u00f3n detallada en nuestro Aviso Legal y Pol\u00edtica de Privacidad.<\/label>\t\t\t<\/span>\n\t\t<\/div>\n\t\t\t\t\t\t<\/div>\n\t\t\t\t\t\t\t\t<div class=\"elementor-field-type-recaptcha_v3 elementor-field-group elementor-column elementor-field-group-field_7448692 elementor-col-100 recaptcha_v3-bottomright\">\n\t\t\t\t\t<div class=\"elementor-field\" id=\"form-field-field_7448692\"><div class=\"elementor-g-recaptcha\" data-sitekey=\"6Lcp0Z0rAAAAAPDgWIyuoOInBTbp_LHh-RtArL4z\" data-type=\"v3\" data-action=\"Form\" data-badge=\"bottomright\" data-size=\"invisible\"><\/div><\/div>\t\t\t\t<\/div>\n\t\t\t\t\t\t\t\t<div class=\"elementor-field-group elementor-column elementor-field-type-submit elementor-col-50 e-form__buttons elementor-md-100\">\n\t\t\t\t\t<button class=\"elementor-button elementor-size-sm elementor-animation-shrink\" type=\"submit\">\n\t\t\t\t\t\t<span class=\"elementor-button-content-wrapper\">\n\t\t\t\t\t\t\t\t\t\t\t\t\t\t\t\t\t\t\t\t\t\t<span class=\"elementor-button-text\">ENVIAR MENSAJE<\/span>\n\t\t\t\t\t\t\t\t\t\t\t\t\t<\/span>\n\t\t\t\t\t<\/button>\n\t\t\t\t<\/div>\n\t\t\t<\/div>\n\t\t<input type=\"hidden\" name=\"trp-form-language\" value=\"es\"\/><\/form>\n\t\t\t\t\t\t<\/div>\n\t\t\t\t\t<\/div>\n\t\t<\/div>\n\t\t\t\t\t<\/div>\n\t\t<\/section>\n\t\t\t\t<\/div>","protected":false},"excerpt":{"rendered":"<p>parlem contacte C\/ \u010fAntoni Torrella, 54 08224 Terrassa 931 588 199 658 160 011 info@domoticum.com explica&#8217;ns Com et podem ajudar? A Domoticum estem aqu\u00ed per ajudar-te a fer la teva llar o negoci m\u00e9s segur, c\u00f2mode i connectat.Si tens qualsevol dubte, vols demanar un pressupost o necessites assessorament, omple el formulari i el nostre equip [&hellip;]<\/p>","protected":false},"author":2,"featured_media":0,"parent":0,"menu_order":0,"comment_status":"closed","ping_status":"closed","template":"","meta":{"_joinchat":[],"footnotes":""},"class_list":["post-22","page","type-page","status-publish","hentry"],"yoast_head":"<!-- This site is optimized with the Yoast SEO plugin v25.6 - https:\/\/yoast.com\/wordpress\/plugins\/seo\/ -->\n<title>Contacte - Domoticum<\/title>\n<meta name=\"robots\" content=\"index, follow, max-snippet:-1, max-image-preview:large, max-video-preview:-1\" \/>\n<link rel=\"canonical\" href=\"https:\/\/domoticum.com\/es\/contacte\/\" \/>\n<meta property=\"og:locale\" content=\"es_ES\" \/>\n<meta property=\"og:type\" content=\"article\" \/>\n<meta property=\"og:title\" content=\"Contacte - Domoticum\" \/>\n<meta property=\"og:description\" content=\"parlem contacte C\/ \u010fAntoni Torrella, 54 08224 Terrassa 931 588 199 658 160 011 info@domoticum.com explica&#8217;ns Com et podem ajudar? A Domoticum estem aqu\u00ed per ajudar-te a fer la teva llar o negoci m\u00e9s segur, c\u00f2mode i connectat.Si tens qualsevol dubte, vols demanar un pressupost o necessites assessorament, omple el formulari i el nostre equip [&hellip;]\" \/>\n<meta property=\"og:url\" content=\"https:\/\/domoticum.com\/es\/contacte\/\" \/>\n<meta property=\"og:site_name\" content=\"Domoticum\" \/>\n<meta property=\"article:modified_time\" content=\"2025-08-09T15:15:44+00:00\" \/>\n<meta property=\"og:image\" content=\"https:\/\/domoticum.com\/wp-content\/uploads\/2025\/08\/location.png\" \/>\n<meta name=\"twitter:card\" content=\"summary_large_image\" \/>\n<script type=\"application\/ld+json\" class=\"yoast-schema-graph\">{\"@context\":\"https:\/\/schema.org\",\"@graph\":[{\"@type\":\"WebPage\",\"@id\":\"https:\/\/domoticum.com\/contacte\/\",\"url\":\"https:\/\/domoticum.com\/contacte\/\",\"name\":\"Contacte - Domoticum\",\"isPartOf\":{\"@id\":\"https:\/\/domoticum.com\/#website\"},\"primaryImageOfPage\":{\"@id\":\"https:\/\/domoticum.com\/contacte\/#primaryimage\"},\"image\":{\"@id\":\"https:\/\/domoticum.com\/contacte\/#primaryimage\"},\"thumbnailUrl\":\"https:\/\/domoticum.com\/wp-content\/uploads\/2025\/08\/location.png\",\"datePublished\":\"2025-08-07T15:33:05+00:00\",\"dateModified\":\"2025-08-09T15:15:44+00:00\",\"breadcrumb\":{\"@id\":\"https:\/\/domoticum.com\/contacte\/#breadcrumb\"},\"inLanguage\":\"es\",\"potentialAction\":[{\"@type\":\"ReadAction\",\"target\":[\"https:\/\/domoticum.com\/contacte\/\"]}]},{\"@type\":\"ImageObject\",\"inLanguage\":\"es\",\"@id\":\"https:\/\/domoticum.com\/contacte\/#primaryimage\",\"url\":\"https:\/\/domoticum.com\/wp-content\/uploads\/2025\/08\/location.png\",\"contentUrl\":\"https:\/\/domoticum.com\/wp-content\/uploads\/2025\/08\/location.png\"},{\"@type\":\"BreadcrumbList\",\"@id\":\"https:\/\/domoticum.com\/contacte\/#breadcrumb\",\"itemListElement\":[{\"@type\":\"ListItem\",\"position\":1,\"name\":\"Portada\",\"item\":\"https:\/\/domoticum.com\/\"},{\"@type\":\"ListItem\",\"position\":2,\"name\":\"Contacte\"}]},{\"@type\":\"WebSite\",\"@id\":\"https:\/\/domoticum.com\/#website\",\"url\":\"https:\/\/domoticum.com\/\",\"name\":\"Domoticum\",\"description\":\"\",\"publisher\":{\"@id\":\"https:\/\/domoticum.com\/#organization\"},\"potentialAction\":[{\"@type\":\"SearchAction\",\"target\":{\"@type\":\"EntryPoint\",\"urlTemplate\":\"https:\/\/domoticum.com\/?s={search_term_string}\"},\"query-input\":{\"@type\":\"PropertyValueSpecification\",\"valueRequired\":true,\"valueName\":\"search_term_string\"}}],\"inLanguage\":\"es\"},{\"@type\":\"Organization\",\"@id\":\"https:\/\/domoticum.com\/#organization\",\"name\":\"Domoticum\",\"url\":\"https:\/\/domoticum.com\/\",\"logo\":{\"@type\":\"ImageObject\",\"inLanguage\":\"es\",\"@id\":\"https:\/\/domoticum.com\/#\/schema\/logo\/image\/\",\"url\":\"https:\/\/domoticum.com\/wp-content\/uploads\/2025\/08\/cropped-logo-Domoticum_OK-1.png\",\"contentUrl\":\"https:\/\/domoticum.com\/wp-content\/uploads\/2025\/08\/cropped-logo-Domoticum_OK-1.png\",\"width\":2362,\"height\":675,\"caption\":\"Domoticum\"},\"image\":{\"@id\":\"https:\/\/domoticum.com\/#\/schema\/logo\/image\/\"}}]}<\/script>\n<!-- \/ Yoast SEO plugin. -->","yoast_head_json":{"title":"Contacte - Domoticum","robots":{"index":"index","follow":"follow","max-snippet":"max-snippet:-1","max-image-preview":"max-image-preview:large","max-video-preview":"max-video-preview:-1"},"canonical":"https:\/\/domoticum.com\/es\/contacte\/","og_locale":"es_ES","og_type":"article","og_title":"Contacte - Domoticum","og_description":"parlem contacte C\/ \u010fAntoni Torrella, 54 08224 Terrassa 931 588 199 658 160 011 info@domoticum.com explica&#8217;ns Com et podem ajudar? A Domoticum estem aqu\u00ed per ajudar-te a fer la teva llar o negoci m\u00e9s segur, c\u00f2mode i connectat.Si tens qualsevol dubte, vols demanar un pressupost o necessites assessorament, omple el formulari i el nostre equip [&hellip;]","og_url":"https:\/\/domoticum.com\/es\/contacte\/","og_site_name":"Domoticum","article_modified_time":"2025-08-09T15:15:44+00:00","og_image":[{"url":"https:\/\/domoticum.com\/wp-content\/uploads\/2025\/08\/location.png","type":"","width":"","height":""}],"twitter_card":"summary_large_image","schema":{"@context":"https:\/\/schema.org","@graph":[{"@type":"WebPage","@id":"https:\/\/domoticum.com\/contacte\/","url":"https:\/\/domoticum.com\/contacte\/","name":"Contacte - Domoticum","isPartOf":{"@id":"https:\/\/domoticum.com\/#website"},"primaryImageOfPage":{"@id":"https:\/\/domoticum.com\/contacte\/#primaryimage"},"image":{"@id":"https:\/\/domoticum.com\/contacte\/#primaryimage"},"thumbnailUrl":"https:\/\/domoticum.com\/wp-content\/uploads\/2025\/08\/location.png","datePublished":"2025-08-07T15:33:05+00:00","dateModified":"2025-08-09T15:15:44+00:00","breadcrumb":{"@id":"https:\/\/domoticum.com\/contacte\/#breadcrumb"},"inLanguage":"es","potentialAction":[{"@type":"ReadAction","target":["https:\/\/domoticum.com\/contacte\/"]}]},{"@type":"ImageObject","inLanguage":"es","@id":"https:\/\/domoticum.com\/contacte\/#primaryimage","url":"https:\/\/domoticum.com\/wp-content\/uploads\/2025\/08\/location.png","contentUrl":"https:\/\/domoticum.com\/wp-content\/uploads\/2025\/08\/location.png"},{"@type":"BreadcrumbList","@id":"https:\/\/domoticum.com\/contacte\/#breadcrumb","itemListElement":[{"@type":"ListItem","position":1,"name":"Portada","item":"https:\/\/domoticum.com\/"},{"@type":"ListItem","position":2,"name":"Contacte"}]},{"@type":"WebSite","@id":"https:\/\/domoticum.com\/#website","url":"https:\/\/domoticum.com\/","name":"Domoticum","description":"","publisher":{"@id":"https:\/\/domoticum.com\/#organization"},"potentialAction":[{"@type":"SearchAction","target":{"@type":"EntryPoint","urlTemplate":"https:\/\/domoticum.com\/?s={search_term_string}"},"query-input":{"@type":"PropertyValueSpecification","valueRequired":true,"valueName":"search_term_string"}}],"inLanguage":"es"},{"@type":"Organization","@id":"https:\/\/domoticum.com\/#organization","name":"Domoticum","url":"https:\/\/domoticum.com\/","logo":{"@type":"ImageObject","inLanguage":"es","@id":"https:\/\/domoticum.com\/#\/schema\/logo\/image\/","url":"https:\/\/domoticum.com\/wp-content\/uploads\/2025\/08\/cropped-logo-Domoticum_OK-1.png","contentUrl":"https:\/\/domoticum.com\/wp-content\/uploads\/2025\/08\/cropped-logo-Domoticum_OK-1.png","width":2362,"height":675,"caption":"Domoticum"},"image":{"@id":"https:\/\/domoticum.com\/#\/schema\/logo\/image\/"}}]}},"_links":{"self":[{"href":"https:\/\/domoticum.com\/es\/wp-json\/wp\/v2\/pages\/22","targetHints":{"allow":["GET"]}}],"collection":[{"href":"https:\/\/domoticum.com\/es\/wp-json\/wp\/v2\/pages"}],"about":[{"href":"https:\/\/domoticum.com\/es\/wp-json\/wp\/v2\/types\/page"}],"author":[{"embeddable":true,"href":"https:\/\/domoticum.com\/es\/wp-json\/wp\/v2\/users\/2"}],"replies":[{"embeddable":true,"href":"https:\/\/domoticum.com\/es\/wp-json\/wp\/v2\/comments?post=22"}],"version-history":[{"count":0,"href":"https:\/\/domoticum.com\/es\/wp-json\/wp\/v2\/pages\/22\/revisions"}],"wp:attachment":[{"href":"https:\/\/domoticum.com\/es\/wp-json\/wp\/v2\/media?parent=22"}],"curies":[{"name":"wp","href":"https:\/\/api.w.org\/{rel}","templated":true}]}}