{"id":30,"date":"2025-08-07T17:34:44","date_gmt":"2025-08-07T15:34:44","guid":{"rendered":"https:\/\/domoticum.com\/?page_id=30"},"modified":"2025-08-09T22:33:12","modified_gmt":"2025-08-09T20:33:12","slug":"declaracio-daccesibilitat","status":"publish","type":"page","link":"https:\/\/domoticum.com\/es\/declaracio-daccesibilitat\/","title":{"rendered":"Declaraci\u00f3 d&#8217;accesibilitat"},"content":{"rendered":"<div data-elementor-type=\"wp-page\" data-elementor-id=\"30\" class=\"elementor elementor-30\" data-elementor-post-type=\"page\">\n\t\t\t\t<div class=\"elementor-element elementor-element-ed057eb e-flex e-con-boxed e-con e-parent\" data-id=\"ed057eb\" data-element_type=\"container\" data-settings=\"{&quot;background_background&quot;:&quot;classic&quot;}\">\n\t\t\t\t\t<div class=\"e-con-inner\">\n\t\t\t\t<div class=\"elementor-element elementor-element-8bf552c elementor-widget elementor-widget-heading\" data-id=\"8bf552c\" data-element_type=\"widget\" data-widget_type=\"heading.default\">\n\t\t\t\t\t<h2 class=\"elementor-heading-title elementor-size-default\">Declaraci\u00f3n de accesibilidad<\/h2>\t\t\t\t<\/div>\n\t\t\t\t\t<\/div>\n\t\t\t\t<\/div>\n\t\t<div class=\"elementor-element elementor-element-47c8ee9 e-flex e-con-boxed e-con e-parent\" data-id=\"47c8ee9\" data-element_type=\"container\">\n\t\t\t\t\t<div class=\"e-con-inner\">\n\t\t\t\t<div class=\"elementor-element elementor-element-944deea elementor-widget elementor-widget-text-editor\" data-id=\"944deea\" data-element_type=\"widget\" data-widget_type=\"text-editor.default\">\n\t\t\t\t\t\t\t\t\t<p data-start=\"145\" data-end=\"377\"><strong data-start=\"145\" data-end=\"166\">Domoticum Systems<\/strong> est\u00e1 comprometida con garantizar la accesibilidad digital para las personas con discapacidad. Trabajamos continuamente para mejorar la experiencia de usuario de todas las personas y aplicamos las normas pertinentes de accesibilidad.<\/p><h4 data-start=\"379\" data-end=\"406\">Estado de conformidad<\/h4><p data-start=\"407\" data-end=\"688\">Las Pautas de Accesibilidad para el Contenido Web (WCAG) definen los requisitos para dise\u00f1adores y desarrolladores con el fin de mejorar la accesibilidad para personas con discapacidad. Estas pautas establecen tres niveles de conformidad: nivel A, AA y AAA.<\/p><p data-start=\"690\" data-end=\"906\"><strong data-start=\"690\" data-end=\"711\">Domoticum Systems<\/strong> ealiza esfuerzos constantes para mejorar la accesibilidad de su sitio web y servicios, convencida de que es una obligaci\u00f3n moral colectiva permitir un uso accesible y sin barreras para todas las personas.<\/p><p data-start=\"908\" data-end=\"1229\">Nuestro objetivo es que todas las p\u00e1ginas y contenidos de <a class=\"\" href=\"https:\/\/domoticum.com\/es\/\" target=\"_new\" rel=\"noopener\" data-start=\"968\" data-end=\"1006\">domoticum.com<\/a> sean accesibles, aunque es posible que algunos contenidos a\u00fan no cumplan completamente los est\u00e1ndares m\u00e1s elevados de accesibilidad. Esto puede deberse a dificultades para encontrar la soluci\u00f3n tecnol\u00f3gica adecuada.<\/p><p data-start=\"1231\" data-end=\"1355\">Podemos revisar esta declaraci\u00f3n peri\u00f3dicamente para reflejar mejoras o cambios en nuestras pr\u00e1cticas de accesibilidad.<\/p><h4 data-start=\"1357\" data-end=\"1376\">Sugerencias<\/h4><p data-start=\"1377\" data-end=\"1568\">Agradecemos sus comentarios sobre la accesibilidad del sitio web de <strong data-start=\"1443\" data-end=\"1464\">Domoticum Systems<\/strong>. Si encuentra barreras de accesibilidad en nuestro sitio web, por favor comun\u00edquese con nosotros:<\/p><p data-start=\"1570\" data-end=\"1641\">Correo electr\u00f3nico: <a class=\"cursor-pointer\" rel=\"noopener\" data-start=\"1592\" data-end=\"1639\">info@domoticum.com<\/a><\/p><p data-start=\"1643\" data-end=\"1722\">Intentamos responder a los comentarios en un plazo de <strong data-start=\"1694\" data-end=\"1719\">3 a 5 d\u00edas laborables<\/strong>.<\/p><p data-start=\"1724\" data-end=\"1780\">Esta declaraci\u00f3n fue creada el <strong data-start=\"1763\" data-end=\"1777\">09\/08\/2025<\/strong>.<\/p>\t\t\t\t\t\t\t\t<\/div>\n\t\t\t\t\t<\/div>\n\t\t\t\t<\/div>\n\t\t\t\t<\/div>","protected":false},"excerpt":{"rendered":"<p>Declaraci\u00f3 d&#8217;accesibilitat Domoticum Systems est\u00e0 compromesa a garantir l\u2019accessibilitat digital per a les persones amb discapacitat. Treballem cont\u00ednuament per millorar l\u2019experi\u00e8ncia d\u2019usuari de tothom i apliquem les normes pertinents d\u2019accessibilitat. Estat de conformitat Les Directrius d\u2019Accessibilitat per al Contingut Web (WCAG) defineixen els requisits per a dissenyadors i desenvolupadors amb l\u2019objectiu de millorar l\u2019accessibilitat per [&hellip;]<\/p>","protected":false},"author":2,"featured_media":0,"parent":0,"menu_order":0,"comment_status":"closed","ping_status":"closed","template":"elementor_header_footer","meta":{"_joinchat":[],"footnotes":""},"class_list":["post-30","page","type-page","status-publish","hentry"],"yoast_head":"<!-- This site is optimized with the Yoast SEO plugin v25.6 - https:\/\/yoast.com\/wordpress\/plugins\/seo\/ -->\n<title>Declaraci\u00f3 d&#039;accesibilitat - Domoticum<\/title>\n<meta name=\"robots\" content=\"index, follow, max-snippet:-1, max-image-preview:large, max-video-preview:-1\" \/>\n<link rel=\"canonical\" href=\"https:\/\/domoticum.com\/es\/declaracio-daccesibilitat\/\" \/>\n<meta property=\"og:locale\" content=\"es_ES\" \/>\n<meta property=\"og:type\" content=\"article\" \/>\n<meta property=\"og:title\" content=\"Declaraci\u00f3 d&#039;accesibilitat - Domoticum\" \/>\n<meta property=\"og:description\" content=\"Declaraci\u00f3 d&#8217;accesibilitat Domoticum Systems est\u00e0 compromesa a garantir l\u2019accessibilitat digital per a les persones amb discapacitat. Treballem cont\u00ednuament per millorar l\u2019experi\u00e8ncia d\u2019usuari de tothom i apliquem les normes pertinents d\u2019accessibilitat. Estat de conformitat Les Directrius d\u2019Accessibilitat per al Contingut Web (WCAG) defineixen els requisits per a dissenyadors i desenvolupadors amb l\u2019objectiu de millorar l\u2019accessibilitat per [&hellip;]\" \/>\n<meta property=\"og:url\" content=\"https:\/\/domoticum.com\/es\/declaracio-daccesibilitat\/\" \/>\n<meta property=\"og:site_name\" content=\"Domoticum\" \/>\n<meta property=\"article:modified_time\" content=\"2025-08-09T20:33:12+00:00\" \/>\n<meta name=\"twitter:card\" content=\"summary_large_image\" \/>\n<meta name=\"twitter:label1\" content=\"Tiempo de lectura\" \/>\n\t<meta name=\"twitter:data1\" content=\"1 minuto\" \/>\n<script type=\"application\/ld+json\" class=\"yoast-schema-graph\">{\"@context\":\"https:\/\/schema.org\",\"@graph\":[{\"@type\":\"WebPage\",\"@id\":\"https:\/\/domoticum.com\/declaracio-daccesibilitat\/\",\"url\":\"https:\/\/domoticum.com\/declaracio-daccesibilitat\/\",\"name\":\"Declaraci\u00f3 d'accesibilitat - Domoticum\",\"isPartOf\":{\"@id\":\"https:\/\/domoticum.com\/#website\"},\"datePublished\":\"2025-08-07T15:34:44+00:00\",\"dateModified\":\"2025-08-09T20:33:12+00:00\",\"breadcrumb\":{\"@id\":\"https:\/\/domoticum.com\/declaracio-daccesibilitat\/#breadcrumb\"},\"inLanguage\":\"es\",\"potentialAction\":[{\"@type\":\"ReadAction\",\"target\":[\"https:\/\/domoticum.com\/declaracio-daccesibilitat\/\"]}]},{\"@type\":\"BreadcrumbList\",\"@id\":\"https:\/\/domoticum.com\/declaracio-daccesibilitat\/#breadcrumb\",\"itemListElement\":[{\"@type\":\"ListItem\",\"position\":1,\"name\":\"Portada\",\"item\":\"https:\/\/domoticum.com\/\"},{\"@type\":\"ListItem\",\"position\":2,\"name\":\"Declaraci\u00f3 d&#8217;accesibilitat\"}]},{\"@type\":\"WebSite\",\"@id\":\"https:\/\/domoticum.com\/#website\",\"url\":\"https:\/\/domoticum.com\/\",\"name\":\"Domoticum\",\"description\":\"\",\"publisher\":{\"@id\":\"https:\/\/domoticum.com\/#organization\"},\"potentialAction\":[{\"@type\":\"SearchAction\",\"target\":{\"@type\":\"EntryPoint\",\"urlTemplate\":\"https:\/\/domoticum.com\/?s={search_term_string}\"},\"query-input\":{\"@type\":\"PropertyValueSpecification\",\"valueRequired\":true,\"valueName\":\"search_term_string\"}}],\"inLanguage\":\"es\"},{\"@type\":\"Organization\",\"@id\":\"https:\/\/domoticum.com\/#organization\",\"name\":\"Domoticum\",\"url\":\"https:\/\/domoticum.com\/\",\"logo\":{\"@type\":\"ImageObject\",\"inLanguage\":\"es\",\"@id\":\"https:\/\/domoticum.com\/#\/schema\/logo\/image\/\",\"url\":\"https:\/\/domoticum.com\/wp-content\/uploads\/2025\/08\/cropped-logo-Domoticum_OK-1.png\",\"contentUrl\":\"https:\/\/domoticum.com\/wp-content\/uploads\/2025\/08\/cropped-logo-Domoticum_OK-1.png\",\"width\":2362,\"height\":675,\"caption\":\"Domoticum\"},\"image\":{\"@id\":\"https:\/\/domoticum.com\/#\/schema\/logo\/image\/\"}}]}<\/script>\n<!-- \/ Yoast SEO plugin. -->","yoast_head_json":{"title":"Declaraci\u00f3 d'accesibilitat - Domoticum","robots":{"index":"index","follow":"follow","max-snippet":"max-snippet:-1","max-image-preview":"max-image-preview:large","max-video-preview":"max-video-preview:-1"},"canonical":"https:\/\/domoticum.com\/es\/declaracio-daccesibilitat\/","og_locale":"es_ES","og_type":"article","og_title":"Declaraci\u00f3 d'accesibilitat - Domoticum","og_description":"Declaraci\u00f3 d&#8217;accesibilitat Domoticum Systems est\u00e0 compromesa a garantir l\u2019accessibilitat digital per a les persones amb discapacitat. Treballem cont\u00ednuament per millorar l\u2019experi\u00e8ncia d\u2019usuari de tothom i apliquem les normes pertinents d\u2019accessibilitat. Estat de conformitat Les Directrius d\u2019Accessibilitat per al Contingut Web (WCAG) defineixen els requisits per a dissenyadors i desenvolupadors amb l\u2019objectiu de millorar l\u2019accessibilitat per [&hellip;]","og_url":"https:\/\/domoticum.com\/es\/declaracio-daccesibilitat\/","og_site_name":"Domoticum","article_modified_time":"2025-08-09T20:33:12+00:00","twitter_card":"summary_large_image","twitter_misc":{"Tiempo de lectura":"1 minuto"},"schema":{"@context":"https:\/\/schema.org","@graph":[{"@type":"WebPage","@id":"https:\/\/domoticum.com\/declaracio-daccesibilitat\/","url":"https:\/\/domoticum.com\/declaracio-daccesibilitat\/","name":"Declaraci\u00f3 d'accesibilitat - Domoticum","isPartOf":{"@id":"https:\/\/domoticum.com\/#website"},"datePublished":"2025-08-07T15:34:44+00:00","dateModified":"2025-08-09T20:33:12+00:00","breadcrumb":{"@id":"https:\/\/domoticum.com\/declaracio-daccesibilitat\/#breadcrumb"},"inLanguage":"es","potentialAction":[{"@type":"ReadAction","target":["https:\/\/domoticum.com\/declaracio-daccesibilitat\/"]}]},{"@type":"BreadcrumbList","@id":"https:\/\/domoticum.com\/declaracio-daccesibilitat\/#breadcrumb","itemListElement":[{"@type":"ListItem","position":1,"name":"Portada","item":"https:\/\/domoticum.com\/"},{"@type":"ListItem","position":2,"name":"Declaraci\u00f3 d&#8217;accesibilitat"}]},{"@type":"WebSite","@id":"https:\/\/domoticum.com\/#website","url":"https:\/\/domoticum.com\/","name":"Domoticum","description":"","publisher":{"@id":"https:\/\/domoticum.com\/#organization"},"potentialAction":[{"@type":"SearchAction","target":{"@type":"EntryPoint","urlTemplate":"https:\/\/domoticum.com\/?s={search_term_string}"},"query-input":{"@type":"PropertyValueSpecification","valueRequired":true,"valueName":"search_term_string"}}],"inLanguage":"es"},{"@type":"Organization","@id":"https:\/\/domoticum.com\/#organization","name":"Domoticum","url":"https:\/\/domoticum.com\/","logo":{"@type":"ImageObject","inLanguage":"es","@id":"https:\/\/domoticum.com\/#\/schema\/logo\/image\/","url":"https:\/\/domoticum.com\/wp-content\/uploads\/2025\/08\/cropped-logo-Domoticum_OK-1.png","contentUrl":"https:\/\/domoticum.com\/wp-content\/uploads\/2025\/08\/cropped-logo-Domoticum_OK-1.png","width":2362,"height":675,"caption":"Domoticum"},"image":{"@id":"https:\/\/domoticum.com\/#\/schema\/logo\/image\/"}}]}},"_links":{"self":[{"href":"https:\/\/domoticum.com\/es\/wp-json\/wp\/v2\/pages\/30","targetHints":{"allow":["GET"]}}],"collection":[{"href":"https:\/\/domoticum.com\/es\/wp-json\/wp\/v2\/pages"}],"about":[{"href":"https:\/\/domoticum.com\/es\/wp-json\/wp\/v2\/types\/page"}],"author":[{"embeddable":true,"href":"https:\/\/domoticum.com\/es\/wp-json\/wp\/v2\/users\/2"}],"replies":[{"embeddable":true,"href":"https:\/\/domoticum.com\/es\/wp-json\/wp\/v2\/comments?post=30"}],"version-history":[{"count":0,"href":"https:\/\/domoticum.com\/es\/wp-json\/wp\/v2\/pages\/30\/revisions"}],"wp:attachment":[{"href":"https:\/\/domoticum.com\/es\/wp-json\/wp\/v2\/media?parent=30"}],"curies":[{"name":"wp","href":"https:\/\/api.w.org\/{rel}","templated":true}]}}